{"id":4816,"date":"2024-11-22T11:17:13","date_gmt":"2024-11-22T11:17:13","guid":{"rendered":"https:\/\/lightmobie.pt\/orbita-bicycle-lousa\/"},"modified":"2025-02-01T00:10:42","modified_gmt":"2025-02-01T00:10:42","slug":"orbita-bicycle-lousa","status":"publish","type":"product","link":"https:\/\/lightmobie.pt\/en\/orbita-bicycle-lousa\/","title":{"rendered":"Lous\u00e3"},"content":{"rendered":"<h3><strong>\u00d3rbita Bicycle Lous\u00e3<\/strong><strong> \u2013 high frame<\/strong><\/h3>\n<p>Features<\/p>\n<ul>\n<li>TYPE: conventional <i class=\"fb-icon-element-1 fb-icon-element fontawesome-icon fa fa-gears circle-no fusion-text-flow\" style=\"--awb-iconcolor:#767676;--awb-iconcolor-hover:#767676;--awb-font-size:18px;--awb-margin-right:9px;\"><\/i><\/li>\n<li>FRAME: Aluminium<\/li>\n<li>SIZE: 510mm<\/li>\n<li>WEIGHT approx.: 13 Kg<\/li>\n<li>WHEEL: 700<\/li>\n<li>COLOUR: Black \/ White<\/li>\n<\/ul>\n<hr>\n<p>&nbsp;<\/p>\n<h3 style=\"padding-left: 40px;\"><strong>Specifications:<br \/>\n<\/strong><\/h3>\n<h5 class=\"accordion-heading light fs16\" style=\"padding-left: 40px;\"><strong>&#8211; COMPONENTS &#8211;<\/strong><\/h5>\n<div class=\"accordion-body\">\n<figure class=\"table\" style=\"padding-left: 40px;\">\n<table style=\"height: 513px;\">\n<tbody>\n<tr>\n<td>Frame<\/td>\n<td>Steel Hi-Tien<\/td>\n<\/tr>\n<tr>\n<td>Fork<\/td>\n<td>Steel Hi-Tien<\/td>\n<\/tr>\n<tr>\n<td>Brakes<\/td>\n<td>Alloy Calipper Brake<\/td>\n<\/tr>\n<tr>\n<td>Crankset<\/td>\n<td>Alloy Chainwheel 44thx170mm<\/td>\n<\/tr>\n<tr>\n<td>Cassette<\/td>\n<td>Freewheel 18th<\/td>\n<\/tr>\n<tr>\n<td>Saddle<\/td>\n<td>Confort<\/td>\n<\/tr>\n<tr>\n<td>Wheels<\/td>\n<td>Alloy Double Hall<\/td>\n<\/tr>\n<tr>\n<td>Tyres<\/td>\n<td>700x28C Blk<\/td>\n<\/tr>\n<\/tbody>\n<\/table>\n<p>&nbsp;<\/figure>\n<\/div>\n<div class=\"fusion-alignleft\"><a class=\"fusion-button button-flat button-large button-custom fusion-button-default button-1 fusion-button-default-span fusion-button-default-type\" style=\"--button_accent_color:#ffffff;--button_accent_hover_color:#ffffff;--button_border_hover_color:#ffffff;--button_gradient_top_color:#d34233;--button_gradient_bottom_color:#d34233;--button_gradient_top_color_hover:#444444;--button_gradient_bottom_color_hover:#444444;\" target=\"_blank\" rel=\"noopener noreferrer\" href=\"https:\/\/lightmobie.pt\/temp\/ft\/ft-orbita-lightmobie-lousa.pdf\"><span class=\"fusion-button-icon-divider button-icon-divider-left\"><i class=\"fa-file-alt fas awb-button__icon awb-button__icon--default\" aria-hidden=\"true\"><\/i><\/span><span class=\"fusion-button-text awb-button__text awb-button__text--default fusion-button-text-left\">technical sheet at this link<\/span><\/a><\/div>\n<p>&nbsp;<\/p>\n<p>Check out our <a href=\"https:\/\/lightmobie.pt\/en\/orbita-online-shop\/\"><strong>full range of \u00d3rbita Bikes<\/strong><\/a><\/p>\n","protected":false},"excerpt":{"rendered":"<p>\u00d3rbita&#8217;s Lous\u00e3 is a bike inspired by fixies and SingleSpeed, the original bikes and today&#8217;s urban bikes by definition.<\/p>\n","protected":false},"featured_media":4515,"comment_status":"open","ping_status":"closed","template":"","meta":{"iawp_total_views":151},"product_brand":[],"product_cat":[138,134],"product_tag":[116,122,170],"class_list":{"0":"post-4816","1":"product","2":"type-product","3":"status-publish","4":"has-post-thumbnail","6":"product_cat-conventional-en","7":"product_cat-orbita-range","8":"product_tag-700c-en","9":"product_tag-steel","10":"product_tag-urban","12":"first","13":"outofstock","14":"shipping-taxable","15":"purchasable","16":"product-type-variable"},"_links":{"self":[{"href":"https:\/\/lightmobie.pt\/en\/wp-json\/wp\/v2\/product\/4816","targetHints":{"allow":["GET"]}}],"collection":[{"href":"https:\/\/lightmobie.pt\/en\/wp-json\/wp\/v2\/product"}],"about":[{"href":"https:\/\/lightmobie.pt\/en\/wp-json\/wp\/v2\/types\/product"}],"replies":[{"embeddable":true,"href":"https:\/\/lightmobie.pt\/en\/wp-json\/wp\/v2\/comments?post=4816"}],"wp:featuredmedia":[{"embeddable":true,"href":"https:\/\/lightmobie.pt\/en\/wp-json\/wp\/v2\/media\/4515"}],"wp:attachment":[{"href":"https:\/\/lightmobie.pt\/en\/wp-json\/wp\/v2\/media?parent=4816"}],"wp:term":[{"taxonomy":"product_brand","embeddable":true,"href":"https:\/\/lightmobie.pt\/en\/wp-json\/wp\/v2\/product_brand?post=4816"},{"taxonomy":"product_cat","embeddable":true,"href":"https:\/\/lightmobie.pt\/en\/wp-json\/wp\/v2\/product_cat?post=4816"},{"taxonomy":"product_tag","embeddable":true,"href":"https:\/\/lightmobie.pt\/en\/wp-json\/wp\/v2\/product_tag?post=4816"}],"curies":[{"name":"wp","href":"https:\/\/api.w.org\/{rel}","templated":true}]}}